{"id":1294,"date":"2026-04-20T23:55:45","date_gmt":"2026-04-20T23:55:45","guid":{"rendered":"https:\/\/cestcorrect.com\/?post_type=product&#038;p=1294"},"modified":"2026-04-20T23:56:13","modified_gmt":"2026-04-20T23:56:13","slug":"lait-nourrissant-carimo","status":"publish","type":"product","link":"https:\/\/cestcorrect.com\/en\/shop\/lait-nourrissant-carimo\/","title":{"rendered":"Lait Nourrissant Carimo"},"content":{"rendered":"<p><br data-mce-bogus=\"1\"><\/p>","protected":false},"excerpt":{"rendered":"<p><p data-start=\"117\" data-end=\"320\">Offrez \u00e0 votre peau une hydratation intense et durable avec le <strong data-start=\"180\" data-end=\"207\">lait nourrissant CARIMO<\/strong>. Sa formule riche prot\u00e8ge la peau des agressions ext\u00e9rieures, tout en lui redonnant douceur, \u00e9clat et souplesse.<\/p>\n<p data-start=\"322\" data-end=\"479\">Gr\u00e2ce \u00e0 ses actifs nourrissants, il aide \u00e0 revitaliser la peau, am\u00e9liorer son apparence et procurer un effet lisse et velout\u00e9 d\u00e8s les premi\u00e8res utilisations.<\/p>\n<p data-start=\"481\" data-end=\"499\">\ud83d\udc9b <strong data-start=\"484\" data-end=\"499\">R\u00e9sultats :<\/strong><\/p>\n<ul data-start=\"500\" data-end=\"623\">\n<li data-section-id=\"1xuqmcj\" data-start=\"500\" data-end=\"525\">\nPeau douce et soyeuse\n<\/li>\n<li data-section-id=\"1b5xooc\" data-start=\"526\" data-end=\"550\">\nHydratation profonde\n<\/li>\n<li data-section-id=\"vsj5i0\" data-start=\"551\" data-end=\"574\">\nTeint plus \u00e9clatant\n<\/li>\n<li data-section-id=\"wi18qd\" data-start=\"575\" data-end=\"623\">\nProtection contre les agressions ext\u00e9rieures\n<\/li>\n<\/ul>\n<p data-start=\"625\" data-end=\"684\">\ud83d\udccd Id\u00e9al pour tous les types de peau, m\u00eame les plus s\u00e8ches.<\/p>\n<p><br data-mce-bogus=\"1\"><\/p>","protected":false},"featured_media":1293,"comment_status":"open","ping_status":"closed","template":"","meta":{"_uag_custom_page_level_css":""},"product_brand":[],"product_cat":[21],"product_tag":[],"class_list":{"0":"post-1294","1":"product","2":"type-product","3":"status-publish","4":"has-post-thumbnail","6":"product_cat-beaute-soins-naturels","8":"first","9":"instock","10":"sale","11":"shipping-taxable","12":"purchasable","13":"product-type-simple"},"yoast_head":"<!-- This site is optimized with the Yoast SEO plugin v27.4 - https:\/\/yoast.com\/product\/yoast-seo-wordpress\/ -->\n<title>Lait Nourrissant Carimo - CEST-CORRECT<\/title>\n<meta name=\"robots\" content=\"index, follow, max-snippet:-1, max-image-preview:large, max-video-preview:-1\" \/>\n<link rel=\"canonical\" href=\"https:\/\/cestcorrect.com\/en\/shop\/lait-nourrissant-carimo\/\" \/>\n<meta property=\"og:locale\" content=\"en_US\" \/>\n<meta property=\"og:type\" content=\"article\" \/>\n<meta property=\"og:title\" content=\"Lait Nourrissant Carimo - CEST-CORRECT\" \/>\n<meta property=\"og:description\" content=\"Offrez \u00e0 votre peau une hydratation intense et durable avec le lait nourrissant CARIMO. Sa formule riche prot\u00e8ge la peau des agressions ext\u00e9rieures, tout en lui redonnant douceur, \u00e9clat et souplesse. Gr\u00e2ce \u00e0 ses actifs nourrissants, il aide \u00e0 revitaliser la peau, am\u00e9liorer son apparence et procurer un effet lisse et velout\u00e9 d\u00e8s les premi\u00e8res utilisations. \ud83d\udc9b R\u00e9sultats :  Peau douce et soyeuse  Hydratation profonde  Teint plus \u00e9clatant  Protection contre les agressions ext\u00e9rieures  \ud83d\udccd Id\u00e9al pour tous les types de peau, m\u00eame les plus s\u00e8ches.\" \/>\n<meta property=\"og:url\" content=\"https:\/\/cestcorrect.com\/en\/shop\/lait-nourrissant-carimo\/\" \/>\n<meta property=\"og:site_name\" content=\"CEST-CORRECT\" \/>\n<meta property=\"article:modified_time\" content=\"2026-04-20T23:56:13+00:00\" \/>\n<meta property=\"og:image\" content=\"https:\/\/cestcorrect.com\/wp-content\/uploads\/2026\/04\/Lait-nourissant-Carimo.jpeg\" \/>\n\t<meta property=\"og:image:width\" content=\"1080\" \/>\n\t<meta property=\"og:image:height\" content=\"1080\" \/>\n\t<meta property=\"og:image:type\" content=\"image\/jpeg\" \/>\n<meta name=\"twitter:card\" content=\"summary_large_image\" \/>\n<script type=\"application\/ld+json\" class=\"yoast-schema-graph\">{\"@context\":\"https:\\\/\\\/schema.org\",\"@graph\":[{\"@type\":\"WebPage\",\"@id\":\"https:\\\/\\\/cestcorrect.com\\\/shop\\\/lait-nourrissant-carimo\\\/\",\"url\":\"https:\\\/\\\/cestcorrect.com\\\/shop\\\/lait-nourrissant-carimo\\\/\",\"name\":\"Lait Nourrissant Carimo - CEST-CORRECT\",\"isPartOf\":{\"@id\":\"https:\\\/\\\/cestcorrect.com\\\/#website\"},\"primaryImageOfPage\":{\"@id\":\"https:\\\/\\\/cestcorrect.com\\\/shop\\\/lait-nourrissant-carimo\\\/#primaryimage\"},\"image\":{\"@id\":\"https:\\\/\\\/cestcorrect.com\\\/shop\\\/lait-nourrissant-carimo\\\/#primaryimage\"},\"thumbnailUrl\":\"https:\\\/\\\/cestcorrect.com\\\/wp-content\\\/uploads\\\/2026\\\/04\\\/Lait-nourissant-Carimo.jpeg\",\"datePublished\":\"2026-04-20T23:55:45+00:00\",\"dateModified\":\"2026-04-20T23:56:13+00:00\",\"breadcrumb\":{\"@id\":\"https:\\\/\\\/cestcorrect.com\\\/shop\\\/lait-nourrissant-carimo\\\/#breadcrumb\"},\"inLanguage\":\"en-US\",\"potentialAction\":[{\"@type\":\"ReadAction\",\"target\":[\"https:\\\/\\\/cestcorrect.com\\\/shop\\\/lait-nourrissant-carimo\\\/\"]}]},{\"@type\":\"ImageObject\",\"inLanguage\":\"en-US\",\"@id\":\"https:\\\/\\\/cestcorrect.com\\\/shop\\\/lait-nourrissant-carimo\\\/#primaryimage\",\"url\":\"https:\\\/\\\/cestcorrect.com\\\/wp-content\\\/uploads\\\/2026\\\/04\\\/Lait-nourissant-Carimo.jpeg\",\"contentUrl\":\"https:\\\/\\\/cestcorrect.com\\\/wp-content\\\/uploads\\\/2026\\\/04\\\/Lait-nourissant-Carimo.jpeg\",\"width\":1080,\"height\":1080,\"caption\":\"Lait-nourissant-Carimo\"},{\"@type\":\"BreadcrumbList\",\"@id\":\"https:\\\/\\\/cestcorrect.com\\\/shop\\\/lait-nourrissant-carimo\\\/#breadcrumb\",\"itemListElement\":[{\"@type\":\"ListItem\",\"position\":1,\"name\":\"Home\",\"item\":\"https:\\\/\\\/cestcorrect.com\\\/\"},{\"@type\":\"ListItem\",\"position\":2,\"name\":\"Shop\",\"item\":\"https:\\\/\\\/cestcorrect.com\\\/shop\\\/\"},{\"@type\":\"ListItem\",\"position\":3,\"name\":\"Lait Nourrissant Carimo\"}]},{\"@type\":\"WebSite\",\"@id\":\"https:\\\/\\\/cestcorrect.com\\\/#website\",\"url\":\"https:\\\/\\\/cestcorrect.com\\\/\",\"name\":\"CEST-CORRECT\",\"description\":\"Marketplace-Afro (Canada)\",\"publisher\":{\"@id\":\"https:\\\/\\\/cestcorrect.com\\\/#organization\"},\"potentialAction\":[{\"@type\":\"SearchAction\",\"target\":{\"@type\":\"EntryPoint\",\"urlTemplate\":\"https:\\\/\\\/cestcorrect.com\\\/?s={search_term_string}\"},\"query-input\":{\"@type\":\"PropertyValueSpecification\",\"valueRequired\":true,\"valueName\":\"search_term_string\"}}],\"inLanguage\":\"en-US\"},{\"@type\":\"Organization\",\"@id\":\"https:\\\/\\\/cestcorrect.com\\\/#organization\",\"name\":\"CEST-CORRECT\",\"url\":\"https:\\\/\\\/cestcorrect.com\\\/\",\"logo\":{\"@type\":\"ImageObject\",\"inLanguage\":\"en-US\",\"@id\":\"https:\\\/\\\/cestcorrect.com\\\/#\\\/schema\\\/logo\\\/image\\\/\",\"url\":\"https:\\\/\\\/cestcorrect.com\\\/wp-content\\\/uploads\\\/2025\\\/12\\\/cropped-logo-cestcorrect-OKEY.jpg\",\"contentUrl\":\"https:\\\/\\\/cestcorrect.com\\\/wp-content\\\/uploads\\\/2025\\\/12\\\/cropped-logo-cestcorrect-OKEY.jpg\",\"width\":1022,\"height\":1022,\"caption\":\"CEST-CORRECT\"},\"image\":{\"@id\":\"https:\\\/\\\/cestcorrect.com\\\/#\\\/schema\\\/logo\\\/image\\\/\"}}]}<\/script>\n<!-- \/ Yoast SEO plugin. -->","yoast_head_json":{"title":"Lait Nourrissant Carimo - CEST-CORRECT","robots":{"index":"index","follow":"follow","max-snippet":"max-snippet:-1","max-image-preview":"max-image-preview:large","max-video-preview":"max-video-preview:-1"},"canonical":"https:\/\/cestcorrect.com\/en\/shop\/lait-nourrissant-carimo\/","og_locale":"en_US","og_type":"article","og_title":"Lait Nourrissant Carimo - CEST-CORRECT","og_description":"Offrez \u00e0 votre peau une hydratation intense et durable avec le lait nourrissant CARIMO. Sa formule riche prot\u00e8ge la peau des agressions ext\u00e9rieures, tout en lui redonnant douceur, \u00e9clat et souplesse. Gr\u00e2ce \u00e0 ses actifs nourrissants, il aide \u00e0 revitaliser la peau, am\u00e9liorer son apparence et procurer un effet lisse et velout\u00e9 d\u00e8s les premi\u00e8res utilisations. \ud83d\udc9b R\u00e9sultats :  Peau douce et soyeuse  Hydratation profonde  Teint plus \u00e9clatant  Protection contre les agressions ext\u00e9rieures  \ud83d\udccd Id\u00e9al pour tous les types de peau, m\u00eame les plus s\u00e8ches.","og_url":"https:\/\/cestcorrect.com\/en\/shop\/lait-nourrissant-carimo\/","og_site_name":"CEST-CORRECT","article_modified_time":"2026-04-20T23:56:13+00:00","og_image":[{"width":1080,"height":1080,"url":"https:\/\/cestcorrect.com\/wp-content\/uploads\/2026\/04\/Lait-nourissant-Carimo.jpeg","type":"image\/jpeg"}],"twitter_card":"summary_large_image","schema":{"@context":"https:\/\/schema.org","@graph":[{"@type":"WebPage","@id":"https:\/\/cestcorrect.com\/shop\/lait-nourrissant-carimo\/","url":"https:\/\/cestcorrect.com\/shop\/lait-nourrissant-carimo\/","name":"Lait Nourrissant Carimo - CEST-CORRECT","isPartOf":{"@id":"https:\/\/cestcorrect.com\/#website"},"primaryImageOfPage":{"@id":"https:\/\/cestcorrect.com\/shop\/lait-nourrissant-carimo\/#primaryimage"},"image":{"@id":"https:\/\/cestcorrect.com\/shop\/lait-nourrissant-carimo\/#primaryimage"},"thumbnailUrl":"https:\/\/cestcorrect.com\/wp-content\/uploads\/2026\/04\/Lait-nourissant-Carimo.jpeg","datePublished":"2026-04-20T23:55:45+00:00","dateModified":"2026-04-20T23:56:13+00:00","breadcrumb":{"@id":"https:\/\/cestcorrect.com\/shop\/lait-nourrissant-carimo\/#breadcrumb"},"inLanguage":"en-US","potentialAction":[{"@type":"ReadAction","target":["https:\/\/cestcorrect.com\/shop\/lait-nourrissant-carimo\/"]}]},{"@type":"ImageObject","inLanguage":"en-US","@id":"https:\/\/cestcorrect.com\/shop\/lait-nourrissant-carimo\/#primaryimage","url":"https:\/\/cestcorrect.com\/wp-content\/uploads\/2026\/04\/Lait-nourissant-Carimo.jpeg","contentUrl":"https:\/\/cestcorrect.com\/wp-content\/uploads\/2026\/04\/Lait-nourissant-Carimo.jpeg","width":1080,"height":1080,"caption":"Lait-nourissant-Carimo"},{"@type":"BreadcrumbList","@id":"https:\/\/cestcorrect.com\/shop\/lait-nourrissant-carimo\/#breadcrumb","itemListElement":[{"@type":"ListItem","position":1,"name":"Home","item":"https:\/\/cestcorrect.com\/"},{"@type":"ListItem","position":2,"name":"Shop","item":"https:\/\/cestcorrect.com\/shop\/"},{"@type":"ListItem","position":3,"name":"Lait Nourrissant Carimo"}]},{"@type":"WebSite","@id":"https:\/\/cestcorrect.com\/#website","url":"https:\/\/cestcorrect.com\/","name":"CEST-CORRECT","description":"Marketplace-Afro (Canada)","publisher":{"@id":"https:\/\/cestcorrect.com\/#organization"},"potentialAction":[{"@type":"SearchAction","target":{"@type":"EntryPoint","urlTemplate":"https:\/\/cestcorrect.com\/?s={search_term_string}"},"query-input":{"@type":"PropertyValueSpecification","valueRequired":true,"valueName":"search_term_string"}}],"inLanguage":"en-US"},{"@type":"Organization","@id":"https:\/\/cestcorrect.com\/#organization","name":"CEST-CORRECT","url":"https:\/\/cestcorrect.com\/","logo":{"@type":"ImageObject","inLanguage":"en-US","@id":"https:\/\/cestcorrect.com\/#\/schema\/logo\/image\/","url":"https:\/\/cestcorrect.com\/wp-content\/uploads\/2025\/12\/cropped-logo-cestcorrect-OKEY.jpg","contentUrl":"https:\/\/cestcorrect.com\/wp-content\/uploads\/2025\/12\/cropped-logo-cestcorrect-OKEY.jpg","width":1022,"height":1022,"caption":"CEST-CORRECT"},"image":{"@id":"https:\/\/cestcorrect.com\/#\/schema\/logo\/image\/"}}]}},"uagb_featured_image_src":{"full":["https:\/\/cestcorrect.com\/wp-content\/uploads\/2026\/04\/Lait-nourissant-Carimo.jpeg",1080,1080,false],"thumbnail":["https:\/\/cestcorrect.com\/wp-content\/uploads\/2026\/04\/Lait-nourissant-Carimo-150x150.jpeg",150,150,true],"medium":["https:\/\/cestcorrect.com\/wp-content\/uploads\/2026\/04\/Lait-nourissant-Carimo-300x300.jpeg",300,300,true],"medium_large":["https:\/\/cestcorrect.com\/wp-content\/uploads\/2026\/04\/Lait-nourissant-Carimo-768x768.jpeg",768,768,true],"large":["https:\/\/cestcorrect.com\/wp-content\/uploads\/2026\/04\/Lait-nourissant-Carimo-1024x1024.jpeg",1024,1024,true],"1536x1536":["https:\/\/cestcorrect.com\/wp-content\/uploads\/2026\/04\/Lait-nourissant-Carimo.jpeg",1080,1080,false],"2048x2048":["https:\/\/cestcorrect.com\/wp-content\/uploads\/2026\/04\/Lait-nourissant-Carimo.jpeg",1080,1080,false],"trp-custom-language-flag":["https:\/\/cestcorrect.com\/wp-content\/uploads\/2026\/04\/Lait-nourissant-Carimo-12x12.jpeg",12,12,true],"newstore-thumb":["https:\/\/cestcorrect.com\/wp-content\/uploads\/2026\/04\/Lait-nourissant-Carimo-500x250.jpeg",500,250,true],"newstore_woocommerce_single_thumb":["https:\/\/cestcorrect.com\/wp-content\/uploads\/2026\/04\/Lait-nourissant-Carimo-600x600.jpeg",600,600,true],"woocommerce_thumbnail":["https:\/\/cestcorrect.com\/wp-content\/uploads\/2026\/04\/Lait-nourissant-Carimo-300x300.jpeg",300,300,true],"woocommerce_single":["https:\/\/cestcorrect.com\/wp-content\/uploads\/2026\/04\/Lait-nourissant-Carimo-600x600.jpeg",600,600,true],"woocommerce_gallery_thumbnail":["https:\/\/cestcorrect.com\/wp-content\/uploads\/2026\/04\/Lait-nourissant-Carimo-100x100.jpeg",100,100,true]},"uagb_author_info":{"display_name":"descharmesbeauty","author_link":"https:\/\/cestcorrect.com\/en\/author\/"},"uagb_comment_info":0,"uagb_excerpt":"Offrez \u00e0 votre peau une hydratation intense et durable avec le lait nourrissant CARIMO. Sa formule riche prot\u00e8ge la peau des agressions ext\u00e9rieures, tout en lui redonnant douceur, \u00e9clat et souplesse. Gr\u00e2ce \u00e0 ses actifs nourrissants, il aide \u00e0 revitaliser la peau, am\u00e9liorer son apparence et procurer un effet lisse et velout\u00e9 d\u00e8s les premi\u00e8res&hellip;","_links":{"self":[{"href":"https:\/\/cestcorrect.com\/en\/wp-json\/wp\/v2\/product\/1294","targetHints":{"allow":["GET"]}}],"collection":[{"href":"https:\/\/cestcorrect.com\/en\/wp-json\/wp\/v2\/product"}],"about":[{"href":"https:\/\/cestcorrect.com\/en\/wp-json\/wp\/v2\/types\/product"}],"replies":[{"embeddable":true,"href":"https:\/\/cestcorrect.com\/en\/wp-json\/wp\/v2\/comments?post=1294"}],"wp:featuredmedia":[{"embeddable":true,"href":"https:\/\/cestcorrect.com\/en\/wp-json\/wp\/v2\/media\/1293"}],"wp:attachment":[{"href":"https:\/\/cestcorrect.com\/en\/wp-json\/wp\/v2\/media?parent=1294"}],"wp:term":[{"taxonomy":"product_brand","embeddable":true,"href":"https:\/\/cestcorrect.com\/en\/wp-json\/wp\/v2\/product_brand?post=1294"},{"taxonomy":"product_cat","embeddable":true,"href":"https:\/\/cestcorrect.com\/en\/wp-json\/wp\/v2\/product_cat?post=1294"},{"taxonomy":"product_tag","embeddable":true,"href":"https:\/\/cestcorrect.com\/en\/wp-json\/wp\/v2\/product_tag?post=1294"}],"curies":[{"name":"wp","href":"https:\/\/api.w.org\/{rel}","templated":true}]}}