{"id":1304,"date":"2026-04-21T04:15:15","date_gmt":"2026-04-21T04:15:15","guid":{"rendered":"https:\/\/cestcorrect.com\/?post_type=product&#038;p=1304"},"modified":"2026-04-21T04:15:15","modified_gmt":"2026-04-21T04:15:15","slug":"the-minceur-carimo","status":"publish","type":"product","link":"https:\/\/cestcorrect.com\/en\/shop\/the-minceur-carimo\/","title":{"rendered":"th\u00e9 Minceur Carimo"},"content":{"rendered":"<p><\/p>","protected":false},"excerpt":{"rendered":"<p data-start=\"130\" data-end=\"299\">Transformez votre routine bien-\u00eatre avec le <strong data-start=\"174\" data-end=\"198\">Duo Th\u00e9 YAMAD CARIMO<\/strong>, une combinaison puissante con\u00e7ue pour accompagner votre perte de poids naturellement, jour et nuit.<\/p>\n<p data-start=\"301\" data-end=\"476\">Ce duo agit en profondeur pour aider \u00e0 \u00e9liminer les toxines, soutenir le m\u00e9tabolisme et favoriser une sensation de l\u00e9g\u00e8ret\u00e9, tout en contribuant \u00e0 une silhouette plus affin\u00e9e.<\/p>\n<p data-start=\"478\" data-end=\"496\">\ud83d\udc9b <strong data-start=\"481\" data-end=\"496\">B\u00e9n\u00e9fices :<\/strong><\/p>\n<ul data-start=\"497\" data-end=\"674\">\n<li data-section-id=\"9u2nbd\" data-start=\"497\" data-end=\"540\">Aide \u00e0 la d\u00e9toxification de l\u2019organisme<\/li>\n<li data-section-id=\"1luf2m8\" data-start=\"541\" data-end=\"571\">Favorise la perte de poids<\/li>\n<li data-section-id=\"15mjckt\" data-start=\"572\" data-end=\"600\">R\u00e9duit les ballonnements<\/li>\n<li data-section-id=\"9ejg6y\" data-start=\"601\" data-end=\"635\">Aide \u00e0 raffermir la silhouette<\/li>\n<li data-section-id=\"j4muuz\" data-start=\"636\" data-end=\"674\">Sensation de l\u00e9g\u00e8ret\u00e9 au quotidien<\/li>\n<\/ul>","protected":false},"featured_media":1301,"comment_status":"open","ping_status":"closed","template":"","meta":{"_uag_custom_page_level_css":""},"product_brand":[],"product_cat":[21],"product_tag":[],"class_list":{"0":"post-1304","1":"product","2":"type-product","3":"status-publish","4":"has-post-thumbnail","6":"product_cat-beaute-soins-naturels","8":"first","9":"instock","10":"sale","11":"purchasable","12":"product-type-simple"},"yoast_head":"<!-- This site is optimized with the Yoast SEO plugin v27.4 - https:\/\/yoast.com\/product\/yoast-seo-wordpress\/ -->\n<title>th\u00e9 Minceur Carimo - CEST-CORRECT<\/title>\n<meta name=\"robots\" content=\"index, follow, max-snippet:-1, max-image-preview:large, max-video-preview:-1\" \/>\n<link rel=\"canonical\" href=\"https:\/\/cestcorrect.com\/en\/shop\/the-minceur-carimo\/\" \/>\n<meta property=\"og:locale\" content=\"en_US\" \/>\n<meta property=\"og:type\" content=\"article\" \/>\n<meta property=\"og:title\" content=\"th\u00e9 Minceur Carimo - CEST-CORRECT\" \/>\n<meta property=\"og:description\" content=\"Transformez votre routine bien-\u00eatre avec le Duo Th\u00e9 YAMAD CARIMO, une combinaison puissante con\u00e7ue pour accompagner votre perte de poids naturellement, jour et nuit.Ce duo agit en profondeur pour aider \u00e0 \u00e9liminer les toxines, soutenir le m\u00e9tabolisme et favoriser une sensation de l\u00e9g\u00e8ret\u00e9, tout en contribuant \u00e0 une silhouette plus affin\u00e9e.\ud83d\udc9b B\u00e9n\u00e9fices :Aide \u00e0 la d\u00e9toxification de l\u2019organismeFavorise la perte de poidsR\u00e9duit les ballonnementsAide \u00e0 raffermir la silhouetteSensation de l\u00e9g\u00e8ret\u00e9 au quotidien\" \/>\n<meta property=\"og:url\" content=\"https:\/\/cestcorrect.com\/en\/shop\/the-minceur-carimo\/\" \/>\n<meta property=\"og:site_name\" content=\"CEST-CORRECT\" \/>\n<meta property=\"og:image\" content=\"https:\/\/cestcorrect.com\/wp-content\/uploads\/2026\/04\/The-minceur-Carimo.jpeg\" \/>\n\t<meta property=\"og:image:width\" content=\"1080\" \/>\n\t<meta property=\"og:image:height\" content=\"1080\" \/>\n\t<meta property=\"og:image:type\" content=\"image\/jpeg\" \/>\n<meta name=\"twitter:card\" content=\"summary_large_image\" \/>\n<script type=\"application\/ld+json\" class=\"yoast-schema-graph\">{\"@context\":\"https:\\\/\\\/schema.org\",\"@graph\":[{\"@type\":\"WebPage\",\"@id\":\"https:\\\/\\\/cestcorrect.com\\\/shop\\\/the-minceur-carimo\\\/\",\"url\":\"https:\\\/\\\/cestcorrect.com\\\/shop\\\/the-minceur-carimo\\\/\",\"name\":\"th\u00e9 Minceur Carimo - CEST-CORRECT\",\"isPartOf\":{\"@id\":\"https:\\\/\\\/cestcorrect.com\\\/#website\"},\"primaryImageOfPage\":{\"@id\":\"https:\\\/\\\/cestcorrect.com\\\/shop\\\/the-minceur-carimo\\\/#primaryimage\"},\"image\":{\"@id\":\"https:\\\/\\\/cestcorrect.com\\\/shop\\\/the-minceur-carimo\\\/#primaryimage\"},\"thumbnailUrl\":\"https:\\\/\\\/cestcorrect.com\\\/wp-content\\\/uploads\\\/2026\\\/04\\\/The-minceur-Carimo.jpeg\",\"datePublished\":\"2026-04-21T04:15:15+00:00\",\"breadcrumb\":{\"@id\":\"https:\\\/\\\/cestcorrect.com\\\/shop\\\/the-minceur-carimo\\\/#breadcrumb\"},\"inLanguage\":\"en-US\",\"potentialAction\":[{\"@type\":\"ReadAction\",\"target\":[\"https:\\\/\\\/cestcorrect.com\\\/shop\\\/the-minceur-carimo\\\/\"]}]},{\"@type\":\"ImageObject\",\"inLanguage\":\"en-US\",\"@id\":\"https:\\\/\\\/cestcorrect.com\\\/shop\\\/the-minceur-carimo\\\/#primaryimage\",\"url\":\"https:\\\/\\\/cestcorrect.com\\\/wp-content\\\/uploads\\\/2026\\\/04\\\/The-minceur-Carimo.jpeg\",\"contentUrl\":\"https:\\\/\\\/cestcorrect.com\\\/wp-content\\\/uploads\\\/2026\\\/04\\\/The-minceur-Carimo.jpeg\",\"width\":1080,\"height\":1080},{\"@type\":\"BreadcrumbList\",\"@id\":\"https:\\\/\\\/cestcorrect.com\\\/shop\\\/the-minceur-carimo\\\/#breadcrumb\",\"itemListElement\":[{\"@type\":\"ListItem\",\"position\":1,\"name\":\"Home\",\"item\":\"https:\\\/\\\/cestcorrect.com\\\/\"},{\"@type\":\"ListItem\",\"position\":2,\"name\":\"Shop\",\"item\":\"https:\\\/\\\/cestcorrect.com\\\/shop\\\/\"},{\"@type\":\"ListItem\",\"position\":3,\"name\":\"th\u00e9 Minceur Carimo\"}]},{\"@type\":\"WebSite\",\"@id\":\"https:\\\/\\\/cestcorrect.com\\\/#website\",\"url\":\"https:\\\/\\\/cestcorrect.com\\\/\",\"name\":\"CEST-CORRECT\",\"description\":\"Marketplace-Afro (Canada)\",\"publisher\":{\"@id\":\"https:\\\/\\\/cestcorrect.com\\\/#organization\"},\"potentialAction\":[{\"@type\":\"SearchAction\",\"target\":{\"@type\":\"EntryPoint\",\"urlTemplate\":\"https:\\\/\\\/cestcorrect.com\\\/?s={search_term_string}\"},\"query-input\":{\"@type\":\"PropertyValueSpecification\",\"valueRequired\":true,\"valueName\":\"search_term_string\"}}],\"inLanguage\":\"en-US\"},{\"@type\":\"Organization\",\"@id\":\"https:\\\/\\\/cestcorrect.com\\\/#organization\",\"name\":\"CEST-CORRECT\",\"url\":\"https:\\\/\\\/cestcorrect.com\\\/\",\"logo\":{\"@type\":\"ImageObject\",\"inLanguage\":\"en-US\",\"@id\":\"https:\\\/\\\/cestcorrect.com\\\/#\\\/schema\\\/logo\\\/image\\\/\",\"url\":\"https:\\\/\\\/cestcorrect.com\\\/wp-content\\\/uploads\\\/2025\\\/12\\\/cropped-logo-cestcorrect-OKEY.jpg\",\"contentUrl\":\"https:\\\/\\\/cestcorrect.com\\\/wp-content\\\/uploads\\\/2025\\\/12\\\/cropped-logo-cestcorrect-OKEY.jpg\",\"width\":1022,\"height\":1022,\"caption\":\"CEST-CORRECT\"},\"image\":{\"@id\":\"https:\\\/\\\/cestcorrect.com\\\/#\\\/schema\\\/logo\\\/image\\\/\"}}]}<\/script>\n<!-- \/ Yoast SEO plugin. -->","yoast_head_json":{"title":"th\u00e9 Minceur Carimo - CEST-CORRECT","robots":{"index":"index","follow":"follow","max-snippet":"max-snippet:-1","max-image-preview":"max-image-preview:large","max-video-preview":"max-video-preview:-1"},"canonical":"https:\/\/cestcorrect.com\/en\/shop\/the-minceur-carimo\/","og_locale":"en_US","og_type":"article","og_title":"th\u00e9 Minceur Carimo - CEST-CORRECT","og_description":"Transformez votre routine bien-\u00eatre avec le Duo Th\u00e9 YAMAD CARIMO, une combinaison puissante con\u00e7ue pour accompagner votre perte de poids naturellement, jour et nuit.Ce duo agit en profondeur pour aider \u00e0 \u00e9liminer les toxines, soutenir le m\u00e9tabolisme et favoriser une sensation de l\u00e9g\u00e8ret\u00e9, tout en contribuant \u00e0 une silhouette plus affin\u00e9e.\ud83d\udc9b B\u00e9n\u00e9fices :Aide \u00e0 la d\u00e9toxification de l\u2019organismeFavorise la perte de poidsR\u00e9duit les ballonnementsAide \u00e0 raffermir la silhouetteSensation de l\u00e9g\u00e8ret\u00e9 au quotidien","og_url":"https:\/\/cestcorrect.com\/en\/shop\/the-minceur-carimo\/","og_site_name":"CEST-CORRECT","og_image":[{"width":1080,"height":1080,"url":"https:\/\/cestcorrect.com\/wp-content\/uploads\/2026\/04\/The-minceur-Carimo.jpeg","type":"image\/jpeg"}],"twitter_card":"summary_large_image","schema":{"@context":"https:\/\/schema.org","@graph":[{"@type":"WebPage","@id":"https:\/\/cestcorrect.com\/shop\/the-minceur-carimo\/","url":"https:\/\/cestcorrect.com\/shop\/the-minceur-carimo\/","name":"th\u00e9 Minceur Carimo - CEST-CORRECT","isPartOf":{"@id":"https:\/\/cestcorrect.com\/#website"},"primaryImageOfPage":{"@id":"https:\/\/cestcorrect.com\/shop\/the-minceur-carimo\/#primaryimage"},"image":{"@id":"https:\/\/cestcorrect.com\/shop\/the-minceur-carimo\/#primaryimage"},"thumbnailUrl":"https:\/\/cestcorrect.com\/wp-content\/uploads\/2026\/04\/The-minceur-Carimo.jpeg","datePublished":"2026-04-21T04:15:15+00:00","breadcrumb":{"@id":"https:\/\/cestcorrect.com\/shop\/the-minceur-carimo\/#breadcrumb"},"inLanguage":"en-US","potentialAction":[{"@type":"ReadAction","target":["https:\/\/cestcorrect.com\/shop\/the-minceur-carimo\/"]}]},{"@type":"ImageObject","inLanguage":"en-US","@id":"https:\/\/cestcorrect.com\/shop\/the-minceur-carimo\/#primaryimage","url":"https:\/\/cestcorrect.com\/wp-content\/uploads\/2026\/04\/The-minceur-Carimo.jpeg","contentUrl":"https:\/\/cestcorrect.com\/wp-content\/uploads\/2026\/04\/The-minceur-Carimo.jpeg","width":1080,"height":1080},{"@type":"BreadcrumbList","@id":"https:\/\/cestcorrect.com\/shop\/the-minceur-carimo\/#breadcrumb","itemListElement":[{"@type":"ListItem","position":1,"name":"Home","item":"https:\/\/cestcorrect.com\/"},{"@type":"ListItem","position":2,"name":"Shop","item":"https:\/\/cestcorrect.com\/shop\/"},{"@type":"ListItem","position":3,"name":"th\u00e9 Minceur Carimo"}]},{"@type":"WebSite","@id":"https:\/\/cestcorrect.com\/#website","url":"https:\/\/cestcorrect.com\/","name":"CEST-CORRECT","description":"Marketplace-Afro (Canada)","publisher":{"@id":"https:\/\/cestcorrect.com\/#organization"},"potentialAction":[{"@type":"SearchAction","target":{"@type":"EntryPoint","urlTemplate":"https:\/\/cestcorrect.com\/?s={search_term_string}"},"query-input":{"@type":"PropertyValueSpecification","valueRequired":true,"valueName":"search_term_string"}}],"inLanguage":"en-US"},{"@type":"Organization","@id":"https:\/\/cestcorrect.com\/#organization","name":"CEST-CORRECT","url":"https:\/\/cestcorrect.com\/","logo":{"@type":"ImageObject","inLanguage":"en-US","@id":"https:\/\/cestcorrect.com\/#\/schema\/logo\/image\/","url":"https:\/\/cestcorrect.com\/wp-content\/uploads\/2025\/12\/cropped-logo-cestcorrect-OKEY.jpg","contentUrl":"https:\/\/cestcorrect.com\/wp-content\/uploads\/2025\/12\/cropped-logo-cestcorrect-OKEY.jpg","width":1022,"height":1022,"caption":"CEST-CORRECT"},"image":{"@id":"https:\/\/cestcorrect.com\/#\/schema\/logo\/image\/"}}]}},"uagb_featured_image_src":{"full":["https:\/\/cestcorrect.com\/wp-content\/uploads\/2026\/04\/The-minceur-Carimo.jpeg",1080,1080,false],"thumbnail":["https:\/\/cestcorrect.com\/wp-content\/uploads\/2026\/04\/The-minceur-Carimo-150x150.jpeg",150,150,true],"medium":["https:\/\/cestcorrect.com\/wp-content\/uploads\/2026\/04\/The-minceur-Carimo-300x300.jpeg",300,300,true],"medium_large":["https:\/\/cestcorrect.com\/wp-content\/uploads\/2026\/04\/The-minceur-Carimo-768x768.jpeg",768,768,true],"large":["https:\/\/cestcorrect.com\/wp-content\/uploads\/2026\/04\/The-minceur-Carimo-1024x1024.jpeg",1024,1024,true],"1536x1536":["https:\/\/cestcorrect.com\/wp-content\/uploads\/2026\/04\/The-minceur-Carimo.jpeg",1080,1080,false],"2048x2048":["https:\/\/cestcorrect.com\/wp-content\/uploads\/2026\/04\/The-minceur-Carimo.jpeg",1080,1080,false],"trp-custom-language-flag":["https:\/\/cestcorrect.com\/wp-content\/uploads\/2026\/04\/The-minceur-Carimo-12x12.jpeg",12,12,true],"newstore-thumb":["https:\/\/cestcorrect.com\/wp-content\/uploads\/2026\/04\/The-minceur-Carimo-500x250.jpeg",500,250,true],"newstore_woocommerce_single_thumb":["https:\/\/cestcorrect.com\/wp-content\/uploads\/2026\/04\/The-minceur-Carimo-600x600.jpeg",600,600,true],"woocommerce_thumbnail":["https:\/\/cestcorrect.com\/wp-content\/uploads\/2026\/04\/The-minceur-Carimo-300x300.jpeg",300,300,true],"woocommerce_single":["https:\/\/cestcorrect.com\/wp-content\/uploads\/2026\/04\/The-minceur-Carimo-600x600.jpeg",600,600,true],"woocommerce_gallery_thumbnail":["https:\/\/cestcorrect.com\/wp-content\/uploads\/2026\/04\/The-minceur-Carimo-100x100.jpeg",100,100,true]},"uagb_author_info":{"display_name":"descharmesbeauty","author_link":"https:\/\/cestcorrect.com\/en\/author\/"},"uagb_comment_info":0,"uagb_excerpt":"Transformez votre routine bien-\u00eatre avec le Duo Th\u00e9 YAMAD CARIMO, une combinaison puissante con\u00e7ue pour accompagner votre perte de poids naturellement, jour et nuit.Ce duo agit en profondeur pour aider \u00e0 \u00e9liminer les toxines, soutenir le m\u00e9tabolisme et favoriser une sensation de l\u00e9g\u00e8ret\u00e9, tout en contribuant \u00e0 une silhouette plus affin\u00e9e.\ud83d\udc9b B\u00e9n\u00e9fices :Aide \u00e0 la&hellip;","_links":{"self":[{"href":"https:\/\/cestcorrect.com\/en\/wp-json\/wp\/v2\/product\/1304","targetHints":{"allow":["GET"]}}],"collection":[{"href":"https:\/\/cestcorrect.com\/en\/wp-json\/wp\/v2\/product"}],"about":[{"href":"https:\/\/cestcorrect.com\/en\/wp-json\/wp\/v2\/types\/product"}],"replies":[{"embeddable":true,"href":"https:\/\/cestcorrect.com\/en\/wp-json\/wp\/v2\/comments?post=1304"}],"wp:featuredmedia":[{"embeddable":true,"href":"https:\/\/cestcorrect.com\/en\/wp-json\/wp\/v2\/media\/1301"}],"wp:attachment":[{"href":"https:\/\/cestcorrect.com\/en\/wp-json\/wp\/v2\/media?parent=1304"}],"wp:term":[{"taxonomy":"product_brand","embeddable":true,"href":"https:\/\/cestcorrect.com\/en\/wp-json\/wp\/v2\/product_brand?post=1304"},{"taxonomy":"product_cat","embeddable":true,"href":"https:\/\/cestcorrect.com\/en\/wp-json\/wp\/v2\/product_cat?post=1304"},{"taxonomy":"product_tag","embeddable":true,"href":"https:\/\/cestcorrect.com\/en\/wp-json\/wp\/v2\/product_tag?post=1304"}],"curies":[{"name":"wp","href":"https:\/\/api.w.org\/{rel}","templated":true}]}}