{"id":1305,"date":"2026-04-21T04:14:59","date_gmt":"2026-04-21T04:14:59","guid":{"rendered":"https:\/\/cestcorrect.com\/?post_type=product&#038;p=1305"},"modified":"2026-05-14T00:56:40","modified_gmt":"2026-05-14T00:56:40","slug":"gelules-amincissantes-carimo","status":"publish","type":"product","link":"https:\/\/cestcorrect.com\/en\/shop\/gelules-amincissantes-carimo\/","title":{"rendered":"G\u00e9lules amincissantes Carimo"},"content":{"rendered":"<p><\/p>","protected":false},"excerpt":{"rendered":"<h3 data-section-id=\"1kikuro\" data-start=\"84\" data-end=\"119\">\u00a0G\u00e9lules Amincissantes CARIMO<\/h3>\n<p data-start=\"121\" data-end=\"273\">Retrouvez votre silhouette avec les <strong data-start=\"157\" data-end=\"189\">g\u00e9lules amincissantes CARIMO<\/strong>, sp\u00e9cialement con\u00e7ues pour accompagner votre objectif de perte de poids en douceur.<\/p>\n<p data-start=\"275\" data-end=\"415\">Leur formule agit en profondeur pour soutenir le m\u00e9tabolisme, aider \u00e0 r\u00e9duire les exc\u00e8s et favoriser une sensation de l\u00e9g\u00e8ret\u00e9 au quotidien.<\/p>\n<p data-start=\"417\" data-end=\"435\">\ud83d\udc9b <strong data-start=\"420\" data-end=\"435\">B\u00e9n\u00e9fices :<\/strong><\/p>\n<ul data-start=\"436\" data-end=\"551\">\n<li data-section-id=\"zytkwh\" data-start=\"436\" data-end=\"466\">Aide \u00e0 la gestion du poids<\/li>\n<li data-section-id=\"1wxw7gn\" data-start=\"467\" data-end=\"498\">R\u00e9duction des ballonnements<\/li>\n<li data-section-id=\"105m3q7\" data-start=\"499\" data-end=\"524\">Sensation de l\u00e9g\u00e8ret\u00e9<\/li>\n<li data-section-id=\"1xsdp1g\" data-start=\"525\" data-end=\"551\">Soutien du m\u00e9tabolisme<\/li>\n<\/ul>","protected":false},"featured_media":1302,"comment_status":"open","ping_status":"closed","template":"","meta":{"_uag_custom_page_level_css":""},"product_brand":[],"product_cat":[21],"product_tag":[],"class_list":{"0":"post-1305","1":"product","2":"type-product","3":"status-publish","4":"has-post-thumbnail","6":"product_cat-beaute-soins-naturels","8":"first","9":"instock","10":"sale","11":"purchasable","12":"product-type-simple"},"yoast_head":"<!-- This site is optimized with the Yoast SEO plugin v27.6 - https:\/\/yoast.com\/product\/yoast-seo-wordpress\/ -->\n<title>G\u00e9lules amincissantes Carimo - CEST-CORRECT<\/title>\n<meta name=\"robots\" content=\"index, follow, max-snippet:-1, max-image-preview:large, max-video-preview:-1\" \/>\n<link rel=\"canonical\" href=\"https:\/\/cestcorrect.com\/en\/shop\/gelules-amincissantes-carimo\/\" \/>\n<meta property=\"og:locale\" content=\"en_US\" \/>\n<meta property=\"og:type\" content=\"article\" \/>\n<meta property=\"og:title\" content=\"G\u00e9lules amincissantes Carimo - CEST-CORRECT\" \/>\n<meta property=\"og:description\" content=\"\u00a0G\u00e9lules Amincissantes CARIMORetrouvez votre silhouette avec les g\u00e9lules amincissantes CARIMO, sp\u00e9cialement con\u00e7ues pour accompagner votre objectif de perte de poids en douceur.Leur formule agit en profondeur pour soutenir le m\u00e9tabolisme, aider \u00e0 r\u00e9duire les exc\u00e8s et favoriser une sensation de l\u00e9g\u00e8ret\u00e9 au quotidien.\ud83d\udc9b B\u00e9n\u00e9fices :Aide \u00e0 la gestion du poidsR\u00e9duction des ballonnementsSensation de l\u00e9g\u00e8ret\u00e9Soutien du m\u00e9tabolisme\" \/>\n<meta property=\"og:url\" content=\"https:\/\/cestcorrect.com\/en\/shop\/gelules-amincissantes-carimo\/\" \/>\n<meta property=\"og:site_name\" content=\"CEST-CORRECT\" \/>\n<meta property=\"article:publisher\" content=\"https:\/\/www.facebook.com\/BoutiqueCestCorrect\" \/>\n<meta property=\"article:modified_time\" content=\"2026-05-14T00:56:40+00:00\" \/>\n<meta property=\"og:image\" content=\"https:\/\/cestcorrect.com\/wp-content\/uploads\/2026\/04\/Gelules-amincissantes-Carimo.jpeg\" \/>\n\t<meta property=\"og:image:width\" content=\"1080\" \/>\n\t<meta property=\"og:image:height\" content=\"1080\" \/>\n\t<meta property=\"og:image:type\" content=\"image\/jpeg\" \/>\n<meta name=\"twitter:card\" content=\"summary_large_image\" \/>\n<script type=\"application\/ld+json\" class=\"yoast-schema-graph\">{\"@context\":\"https:\\\/\\\/schema.org\",\"@graph\":[{\"@type\":\"WebPage\",\"@id\":\"https:\\\/\\\/cestcorrect.com\\\/shop\\\/gelules-amincissantes-carimo\\\/\",\"url\":\"https:\\\/\\\/cestcorrect.com\\\/shop\\\/gelules-amincissantes-carimo\\\/\",\"name\":\"G\u00e9lules amincissantes Carimo - CEST-CORRECT\",\"isPartOf\":{\"@id\":\"https:\\\/\\\/cestcorrect.com\\\/#website\"},\"primaryImageOfPage\":{\"@id\":\"https:\\\/\\\/cestcorrect.com\\\/shop\\\/gelules-amincissantes-carimo\\\/#primaryimage\"},\"image\":{\"@id\":\"https:\\\/\\\/cestcorrect.com\\\/shop\\\/gelules-amincissantes-carimo\\\/#primaryimage\"},\"thumbnailUrl\":\"https:\\\/\\\/cestcorrect.com\\\/wp-content\\\/uploads\\\/2026\\\/04\\\/Gelules-amincissantes-Carimo.jpeg\",\"datePublished\":\"2026-04-21T04:14:59+00:00\",\"dateModified\":\"2026-05-14T00:56:40+00:00\",\"breadcrumb\":{\"@id\":\"https:\\\/\\\/cestcorrect.com\\\/shop\\\/gelules-amincissantes-carimo\\\/#breadcrumb\"},\"inLanguage\":\"en-US\",\"potentialAction\":[{\"@type\":\"ReadAction\",\"target\":[\"https:\\\/\\\/cestcorrect.com\\\/shop\\\/gelules-amincissantes-carimo\\\/\"]}]},{\"@type\":\"ImageObject\",\"inLanguage\":\"en-US\",\"@id\":\"https:\\\/\\\/cestcorrect.com\\\/shop\\\/gelules-amincissantes-carimo\\\/#primaryimage\",\"url\":\"https:\\\/\\\/cestcorrect.com\\\/wp-content\\\/uploads\\\/2026\\\/04\\\/Gelules-amincissantes-Carimo.jpeg\",\"contentUrl\":\"https:\\\/\\\/cestcorrect.com\\\/wp-content\\\/uploads\\\/2026\\\/04\\\/Gelules-amincissantes-Carimo.jpeg\",\"width\":1080,\"height\":1080},{\"@type\":\"BreadcrumbList\",\"@id\":\"https:\\\/\\\/cestcorrect.com\\\/shop\\\/gelules-amincissantes-carimo\\\/#breadcrumb\",\"itemListElement\":[{\"@type\":\"ListItem\",\"position\":1,\"name\":\"Home\",\"item\":\"https:\\\/\\\/cestcorrect.com\\\/\"},{\"@type\":\"ListItem\",\"position\":2,\"name\":\"Shop\",\"item\":\"https:\\\/\\\/cestcorrect.com\\\/shop\\\/\"},{\"@type\":\"ListItem\",\"position\":3,\"name\":\"G\u00e9lules amincissantes Carimo\"}]},{\"@type\":\"WebSite\",\"@id\":\"https:\\\/\\\/cestcorrect.com\\\/#website\",\"url\":\"https:\\\/\\\/cestcorrect.com\\\/\",\"name\":\"CEST-CORRECT\",\"description\":\"Marketplace-Afro (Canada)\",\"publisher\":{\"@id\":\"https:\\\/\\\/cestcorrect.com\\\/#organization\"},\"potentialAction\":[{\"@type\":\"SearchAction\",\"target\":{\"@type\":\"EntryPoint\",\"urlTemplate\":\"https:\\\/\\\/cestcorrect.com\\\/?s={search_term_string}\"},\"query-input\":{\"@type\":\"PropertyValueSpecification\",\"valueRequired\":true,\"valueName\":\"search_term_string\"}}],\"inLanguage\":\"en-US\"},{\"@type\":\"Organization\",\"@id\":\"https:\\\/\\\/cestcorrect.com\\\/#organization\",\"name\":\"CEST-CORRECT\",\"url\":\"https:\\\/\\\/cestcorrect.com\\\/\",\"logo\":{\"@type\":\"ImageObject\",\"inLanguage\":\"en-US\",\"@id\":\"https:\\\/\\\/cestcorrect.com\\\/#\\\/schema\\\/logo\\\/image\\\/\",\"url\":\"https:\\\/\\\/cestcorrect.com\\\/wp-content\\\/uploads\\\/2025\\\/12\\\/cropped-logo-cestcorrect-OKEY.jpg\",\"contentUrl\":\"https:\\\/\\\/cestcorrect.com\\\/wp-content\\\/uploads\\\/2025\\\/12\\\/cropped-logo-cestcorrect-OKEY.jpg\",\"width\":1022,\"height\":1022,\"caption\":\"CEST-CORRECT\"},\"image\":{\"@id\":\"https:\\\/\\\/cestcorrect.com\\\/#\\\/schema\\\/logo\\\/image\\\/\"},\"sameAs\":[\"https:\\\/\\\/www.facebook.com\\\/BoutiqueCestCorrect\"]}]}<\/script>\n<!-- \/ Yoast SEO plugin. -->","yoast_head_json":{"title":"G\u00e9lules amincissantes Carimo - CEST-CORRECT","robots":{"index":"index","follow":"follow","max-snippet":"max-snippet:-1","max-image-preview":"max-image-preview:large","max-video-preview":"max-video-preview:-1"},"canonical":"https:\/\/cestcorrect.com\/en\/shop\/gelules-amincissantes-carimo\/","og_locale":"en_US","og_type":"article","og_title":"G\u00e9lules amincissantes Carimo - CEST-CORRECT","og_description":"\u00a0G\u00e9lules Amincissantes CARIMORetrouvez votre silhouette avec les g\u00e9lules amincissantes CARIMO, sp\u00e9cialement con\u00e7ues pour accompagner votre objectif de perte de poids en douceur.Leur formule agit en profondeur pour soutenir le m\u00e9tabolisme, aider \u00e0 r\u00e9duire les exc\u00e8s et favoriser une sensation de l\u00e9g\u00e8ret\u00e9 au quotidien.\ud83d\udc9b B\u00e9n\u00e9fices :Aide \u00e0 la gestion du poidsR\u00e9duction des ballonnementsSensation de l\u00e9g\u00e8ret\u00e9Soutien du m\u00e9tabolisme","og_url":"https:\/\/cestcorrect.com\/en\/shop\/gelules-amincissantes-carimo\/","og_site_name":"CEST-CORRECT","article_publisher":"https:\/\/www.facebook.com\/BoutiqueCestCorrect","article_modified_time":"2026-05-14T00:56:40+00:00","og_image":[{"width":1080,"height":1080,"url":"https:\/\/cestcorrect.com\/wp-content\/uploads\/2026\/04\/Gelules-amincissantes-Carimo.jpeg","type":"image\/jpeg"}],"twitter_card":"summary_large_image","schema":{"@context":"https:\/\/schema.org","@graph":[{"@type":"WebPage","@id":"https:\/\/cestcorrect.com\/shop\/gelules-amincissantes-carimo\/","url":"https:\/\/cestcorrect.com\/shop\/gelules-amincissantes-carimo\/","name":"G\u00e9lules amincissantes Carimo - CEST-CORRECT","isPartOf":{"@id":"https:\/\/cestcorrect.com\/#website"},"primaryImageOfPage":{"@id":"https:\/\/cestcorrect.com\/shop\/gelules-amincissantes-carimo\/#primaryimage"},"image":{"@id":"https:\/\/cestcorrect.com\/shop\/gelules-amincissantes-carimo\/#primaryimage"},"thumbnailUrl":"https:\/\/cestcorrect.com\/wp-content\/uploads\/2026\/04\/Gelules-amincissantes-Carimo.jpeg","datePublished":"2026-04-21T04:14:59+00:00","dateModified":"2026-05-14T00:56:40+00:00","breadcrumb":{"@id":"https:\/\/cestcorrect.com\/shop\/gelules-amincissantes-carimo\/#breadcrumb"},"inLanguage":"en-US","potentialAction":[{"@type":"ReadAction","target":["https:\/\/cestcorrect.com\/shop\/gelules-amincissantes-carimo\/"]}]},{"@type":"ImageObject","inLanguage":"en-US","@id":"https:\/\/cestcorrect.com\/shop\/gelules-amincissantes-carimo\/#primaryimage","url":"https:\/\/cestcorrect.com\/wp-content\/uploads\/2026\/04\/Gelules-amincissantes-Carimo.jpeg","contentUrl":"https:\/\/cestcorrect.com\/wp-content\/uploads\/2026\/04\/Gelules-amincissantes-Carimo.jpeg","width":1080,"height":1080},{"@type":"BreadcrumbList","@id":"https:\/\/cestcorrect.com\/shop\/gelules-amincissantes-carimo\/#breadcrumb","itemListElement":[{"@type":"ListItem","position":1,"name":"Home","item":"https:\/\/cestcorrect.com\/"},{"@type":"ListItem","position":2,"name":"Shop","item":"https:\/\/cestcorrect.com\/shop\/"},{"@type":"ListItem","position":3,"name":"G\u00e9lules amincissantes Carimo"}]},{"@type":"WebSite","@id":"https:\/\/cestcorrect.com\/#website","url":"https:\/\/cestcorrect.com\/","name":"CEST-CORRECT","description":"Marketplace-Afro (Canada)","publisher":{"@id":"https:\/\/cestcorrect.com\/#organization"},"potentialAction":[{"@type":"SearchAction","target":{"@type":"EntryPoint","urlTemplate":"https:\/\/cestcorrect.com\/?s={search_term_string}"},"query-input":{"@type":"PropertyValueSpecification","valueRequired":true,"valueName":"search_term_string"}}],"inLanguage":"en-US"},{"@type":"Organization","@id":"https:\/\/cestcorrect.com\/#organization","name":"CEST-CORRECT","url":"https:\/\/cestcorrect.com\/","logo":{"@type":"ImageObject","inLanguage":"en-US","@id":"https:\/\/cestcorrect.com\/#\/schema\/logo\/image\/","url":"https:\/\/cestcorrect.com\/wp-content\/uploads\/2025\/12\/cropped-logo-cestcorrect-OKEY.jpg","contentUrl":"https:\/\/cestcorrect.com\/wp-content\/uploads\/2025\/12\/cropped-logo-cestcorrect-OKEY.jpg","width":1022,"height":1022,"caption":"CEST-CORRECT"},"image":{"@id":"https:\/\/cestcorrect.com\/#\/schema\/logo\/image\/"},"sameAs":["https:\/\/www.facebook.com\/BoutiqueCestCorrect"]}]}},"uagb_featured_image_src":{"full":["https:\/\/cestcorrect.com\/wp-content\/uploads\/2026\/04\/Gelules-amincissantes-Carimo.jpeg",1080,1080,false],"thumbnail":["https:\/\/cestcorrect.com\/wp-content\/uploads\/2026\/04\/Gelules-amincissantes-Carimo-150x150.jpeg",150,150,true],"medium":["https:\/\/cestcorrect.com\/wp-content\/uploads\/2026\/04\/Gelules-amincissantes-Carimo-300x300.jpeg",300,300,true],"medium_large":["https:\/\/cestcorrect.com\/wp-content\/uploads\/2026\/04\/Gelules-amincissantes-Carimo-768x768.jpeg",768,768,true],"large":["https:\/\/cestcorrect.com\/wp-content\/uploads\/2026\/04\/Gelules-amincissantes-Carimo-1024x1024.jpeg",1024,1024,true],"1536x1536":["https:\/\/cestcorrect.com\/wp-content\/uploads\/2026\/04\/Gelules-amincissantes-Carimo.jpeg",1080,1080,false],"2048x2048":["https:\/\/cestcorrect.com\/wp-content\/uploads\/2026\/04\/Gelules-amincissantes-Carimo.jpeg",1080,1080,false],"trp-custom-language-flag":["https:\/\/cestcorrect.com\/wp-content\/uploads\/2026\/04\/Gelules-amincissantes-Carimo-12x12.jpeg",12,12,true],"newstore-thumb":["https:\/\/cestcorrect.com\/wp-content\/uploads\/2026\/04\/Gelules-amincissantes-Carimo-500x250.jpeg",500,250,true],"newstore_woocommerce_single_thumb":["https:\/\/cestcorrect.com\/wp-content\/uploads\/2026\/04\/Gelules-amincissantes-Carimo-600x600.jpeg",600,600,true],"woocommerce_thumbnail":["https:\/\/cestcorrect.com\/wp-content\/uploads\/2026\/04\/Gelules-amincissantes-Carimo-300x300.jpeg",300,300,true],"woocommerce_single":["https:\/\/cestcorrect.com\/wp-content\/uploads\/2026\/04\/Gelules-amincissantes-Carimo-600x600.jpeg",600,600,true],"woocommerce_gallery_thumbnail":["https:\/\/cestcorrect.com\/wp-content\/uploads\/2026\/04\/Gelules-amincissantes-Carimo-100x100.jpeg",100,100,true]},"uagb_author_info":{"display_name":"descharmesbeauty","author_link":"https:\/\/cestcorrect.com\/en\/author\/"},"uagb_comment_info":0,"uagb_excerpt":"\u00a0G\u00e9lules Amincissantes CARIMORetrouvez votre silhouette avec les g\u00e9lules amincissantes CARIMO, sp\u00e9cialement con\u00e7ues pour accompagner votre objectif de perte de poids en douceur.Leur formule agit en profondeur pour soutenir le m\u00e9tabolisme, aider \u00e0 r\u00e9duire les exc\u00e8s et favoriser une sensation de l\u00e9g\u00e8ret\u00e9 au quotidien.\ud83d\udc9b B\u00e9n\u00e9fices :Aide \u00e0 la gestion du poidsR\u00e9duction des ballonnementsSensation de l\u00e9g\u00e8ret\u00e9Soutien du&hellip;","_links":{"self":[{"href":"https:\/\/cestcorrect.com\/en\/wp-json\/wp\/v2\/product\/1305","targetHints":{"allow":["GET"]}}],"collection":[{"href":"https:\/\/cestcorrect.com\/en\/wp-json\/wp\/v2\/product"}],"about":[{"href":"https:\/\/cestcorrect.com\/en\/wp-json\/wp\/v2\/types\/product"}],"replies":[{"embeddable":true,"href":"https:\/\/cestcorrect.com\/en\/wp-json\/wp\/v2\/comments?post=1305"}],"wp:featuredmedia":[{"embeddable":true,"href":"https:\/\/cestcorrect.com\/en\/wp-json\/wp\/v2\/media\/1302"}],"wp:attachment":[{"href":"https:\/\/cestcorrect.com\/en\/wp-json\/wp\/v2\/media?parent=1305"}],"wp:term":[{"taxonomy":"product_brand","embeddable":true,"href":"https:\/\/cestcorrect.com\/en\/wp-json\/wp\/v2\/product_brand?post=1305"},{"taxonomy":"product_cat","embeddable":true,"href":"https:\/\/cestcorrect.com\/en\/wp-json\/wp\/v2\/product_cat?post=1305"},{"taxonomy":"product_tag","embeddable":true,"href":"https:\/\/cestcorrect.com\/en\/wp-json\/wp\/v2\/product_tag?post=1305"}],"curies":[{"name":"wp","href":"https:\/\/api.w.org\/{rel}","templated":true}]}}